{"id":2018,"date":"2019-02-12T11:57:10","date_gmt":"2019-02-12T11:57:10","guid":{"rendered":"https:\/\/virtual-campus.eu\/alien\/members\/"},"modified":"2019-02-12T11:57:10","modified_gmt":"2019-02-12T11:57:10","slug":"members","status":"publish","type":"page","link":"https:\/\/alien-pbl.fsktm.um.edu.my\/vi\/members\/","title":{"rendered":"C\u00e1c th\u00e0nh vi\u00ean"},"content":{"rendered":"","protected":false},"excerpt":{"rendered":"","protected":false},"author":1,"featured_media":0,"parent":0,"menu_order":0,"comment_status":"closed","ping_status":"closed","template":"","meta":{"_bbp_topic_count":0,"_bbp_reply_count":0,"_bbp_total_topic_count":0,"_bbp_total_reply_count":0,"_bbp_voice_count":0,"_bbp_anonymous_reply_count":0,"_bbp_topic_count_hidden":0,"_bbp_reply_count_hidden":0,"_bbp_forum_subforum_count":0},"_links":{"self":[{"href":"https:\/\/alien-pbl.fsktm.um.edu.my\/vi\/wp-json\/wp\/v2\/pages\/2018"}],"collection":[{"href":"https:\/\/alien-pbl.fsktm.um.edu.my\/vi\/wp-json\/wp\/v2\/pages"}],"about":[{"href":"https:\/\/alien-pbl.fsktm.um.edu.my\/vi\/wp-json\/wp\/v2\/types\/page"}],"author":[{"embeddable":true,"href":"https:\/\/alien-pbl.fsktm.um.edu.my\/vi\/wp-json\/wp\/v2\/users\/1"}],"replies":[{"embeddable":true,"href":"https:\/\/alien-pbl.fsktm.um.edu.my\/vi\/wp-json\/wp\/v2\/comments?post=2018"}],"version-history":[{"count":0,"href":"https:\/\/alien-pbl.fsktm.um.edu.my\/vi\/wp-json\/wp\/v2\/pages\/2018\/revisions"}],"wp:attachment":[{"href":"https:\/\/alien-pbl.fsktm.um.edu.my\/vi\/wp-json\/wp\/v2\/media?parent=2018"}],"curies":[{"name":"wp","href":"https:\/\/api.w.org\/{rel}","templated":true}]}}